{"id":27,"date":"2025-10-24T00:35:59","date_gmt":"2025-10-23T22:35:59","guid":{"rendered":"https:\/\/satiesband.fr\/?page_id=27"},"modified":"2026-01-05T13:28:52","modified_gmt":"2026-01-05T12:28:52","slug":"accueil","status":"publish","type":"page","link":"https:\/\/satiesband.fr\/","title":{"rendered":"Accueil"},"content":{"rendered":"\n<p>Satie&rsquo;s Band, c\u2019est la rencontre audacieuse entre la musique classique et les sonorit\u00e9s pop\/rock. Compos\u00e9 d&rsquo;une pianiste-chanteuse et d\u2019un violoniste-contrebassiste, ce duo fusionne les genres avec raffinement et cr\u00e9ativit\u00e9 pour offrir une exp\u00e9rience musicale unique, \u00e0 la fois accessible et profond\u00e9ment originale.<\/p>\n\n<!--Badge Linkaband g\u00e9n\u00e9r\u00e9 le 5-01-2026; Copyright Linkaband 2019--><a href='https:\/\/linkaband.com\/saties-band?utm_source=badge&#038;utm_campaign=182685' target='_blank'><img src='https:\/\/linkaband.com\/assets\/images\/validation\/reservation-noir.png' alt='Saties-band' style='width: 130px; height: 130px;'\/><\/a>\n\n<p><\/p>\n","protected":false},"excerpt":{"rendered":"<p>Satie&rsquo;s Band, c\u2019est la rencontre audacieuse entre la musique classique et les sonorit\u00e9s pop\/rock. Compos\u00e9 d&rsquo;une pianiste-chanteuse et d\u2019un violoniste-contrebassiste, ce duo fusionne les genres avec raffinement et cr\u00e9ativit\u00e9 pour offrir une exp\u00e9rience musicale unique, \u00e0 la fois accessible et profond\u00e9ment originale.<\/p>\n","protected":false},"author":1,"featured_media":0,"parent":0,"menu_order":0,"comment_status":"closed","ping_status":"closed","template":"","meta":{"footnotes":""},"class_list":["post-27","page","type-page","status-publish","hentry"],"_links":{"self":[{"href":"https:\/\/satiesband.fr\/index.php\/wp-json\/wp\/v2\/pages\/27","targetHints":{"allow":["GET"]}}],"collection":[{"href":"https:\/\/satiesband.fr\/index.php\/wp-json\/wp\/v2\/pages"}],"about":[{"href":"https:\/\/satiesband.fr\/index.php\/wp-json\/wp\/v2\/types\/page"}],"author":[{"embeddable":true,"href":"https:\/\/satiesband.fr\/index.php\/wp-json\/wp\/v2\/users\/1"}],"replies":[{"embeddable":true,"href":"https:\/\/satiesband.fr\/index.php\/wp-json\/wp\/v2\/comments?post=27"}],"version-history":[{"count":3,"href":"https:\/\/satiesband.fr\/index.php\/wp-json\/wp\/v2\/pages\/27\/revisions"}],"predecessor-version":[{"id":97,"href":"https:\/\/satiesband.fr\/index.php\/wp-json\/wp\/v2\/pages\/27\/revisions\/97"}],"wp:attachment":[{"href":"https:\/\/satiesband.fr\/index.php\/wp-json\/wp\/v2\/media?parent=27"}],"curies":[{"name":"wp","href":"https:\/\/api.w.org\/{rel}","templated":true}]}}