{"id":3,"date":"2025-10-06T09:49:22","date_gmt":"2025-10-06T09:49:22","guid":{"rendered":"http:\/\/satiesband.fr\/?page_id=3"},"modified":"2026-01-05T13:56:33","modified_gmt":"2026-01-05T12:56:33","slug":"privacy-policy","status":"publish","type":"page","link":"https:\/\/satiesband.fr\/index.php\/privacy-policy\/","title":{"rendered":"Mentions L\u00e9gales"},"content":{"rendered":"\n<h2 class=\"wp-block-heading\"><strong>1. \u00c9diteur du site<\/strong> <\/h2>\n\n\n\n<p>Lawrence Vaigot, <\/p>\n\n\n\n<p>France <\/p>\n\n\n\n<p>T\u00e9l\u00e9phone : 07 70 77 07 91 <\/p>\n\n\n\n<p>E-mail : <a href=\"mailto:lvaigot@gmail.com\" target=\"_blank\" rel=\"noreferrer noopener\">lvaigot@gmail.com<\/a><\/p>\n\n\n\n<p><strong>2. Directeur de la publication<\/strong> <\/p>\n\n\n\n<p>Lawrence Vaigot<\/p>\n\n\n\n<p> E-mail : <a href=\"mailto:lvaigot@gmail.com\" target=\"_blank\" rel=\"noreferrer noopener\">lvaigot@gmail.com<\/a><\/p>\n\n\n\n<p><strong>3. H\u00e9bergeur du site<\/strong>\u00a0 <\/p>\n\n\n\n<p>OVH.<\/p>\n\n\n\n<p><strong>4. Propri\u00e9t\u00e9 intellectuelle<\/strong> <\/p>\n\n\n\n<p>L\u2019ensemble des contenus (textes, images, vid\u00e9os, logos, etc.) pr\u00e9sents sur ce site est prot\u00e9g\u00e9 par le droit d\u2019auteur et la propri\u00e9t\u00e9 intellectuelle. Toute reproduction, repr\u00e9sentation ou diffusion, m\u00eame partielle, est interdite sans l\u2019autorisation \u00e9crite de Lawrence Vaigot.<\/p>\n\n\n\n<p><strong>5. Donn\u00e9es personnelles<\/strong> <\/p>\n\n\n\n<p>Conform\u00e9ment au R\u00e8glement G\u00e9n\u00e9ral sur la Protection des Donn\u00e9es (RGPD), les donn\u00e9es personnelles collect\u00e9es sur ce site sont trait\u00e9es dans le respect de la vie priv\u00e9e. <\/p>\n\n\n\n<p><strong>6. Limitation de responsabilit\u00e9<\/strong> <\/p>\n\n\n\n<p>Lawrence Vaigot ne peut \u00eatre tenu responsable des dommages directs ou indirects r\u00e9sultant de l\u2019utilisation du site ou de l\u2019impossibilit\u00e9 d\u2019y acc\u00e9der.<\/p>\n\n\n\n<p><strong>8. Lien hypertexte<\/strong><\/p>\n\n\n\n<p> La cr\u00e9ation de liens vers le site est autoris\u00e9e, sous r\u00e9serve de ne pas utiliser de techniques pouvant nuire \u00e0 son image ou \u00e0 son fonctionnement.<\/p>\n\n\n\n<p><strong>9. Droit applicable<\/strong> <\/p>\n\n\n\n<p>Les pr\u00e9sentes mentions l\u00e9gales sont r\u00e9gies par le droit fran\u00e7ais<\/p>\n\n\n\n<p><\/p>\n","protected":false},"excerpt":{"rendered":"<p>1. \u00c9diteur du site Lawrence Vaigot, France T\u00e9l\u00e9phone : 07 70 77 07 91 E-mail : lvaigot@gmail.com 2. Directeur de la publication Lawrence Vaigot E-mail : lvaigot@gmail.com 3. H\u00e9bergeur du site\u00a0 OVH. 4. Propri\u00e9t\u00e9 intellectuelle L\u2019ensemble des contenus (textes, images, vid\u00e9os, logos, etc.) pr\u00e9sents sur ce site est prot\u00e9g\u00e9 par le droit d\u2019auteur et la &hellip; <\/p>\n<p class=\"link-more\"><a href=\"https:\/\/satiesband.fr\/index.php\/privacy-policy\/\" class=\"more-link\">Continuer la lecture<span class=\"screen-reader-text\"> de &laquo;&nbsp;Mentions L\u00e9gales&nbsp;&raquo;<\/span><\/a><\/p>\n","protected":false},"author":1,"featured_media":0,"parent":0,"menu_order":0,"comment_status":"closed","ping_status":"open","template":"","meta":{"footnotes":""},"class_list":["post-3","page","type-page","status-publish","hentry"],"_links":{"self":[{"href":"https:\/\/satiesband.fr\/index.php\/wp-json\/wp\/v2\/pages\/3","targetHints":{"allow":["GET"]}}],"collection":[{"href":"https:\/\/satiesband.fr\/index.php\/wp-json\/wp\/v2\/pages"}],"about":[{"href":"https:\/\/satiesband.fr\/index.php\/wp-json\/wp\/v2\/types\/page"}],"author":[{"embeddable":true,"href":"https:\/\/satiesband.fr\/index.php\/wp-json\/wp\/v2\/users\/1"}],"replies":[{"embeddable":true,"href":"https:\/\/satiesband.fr\/index.php\/wp-json\/wp\/v2\/comments?post=3"}],"version-history":[{"count":4,"href":"https:\/\/satiesband.fr\/index.php\/wp-json\/wp\/v2\/pages\/3\/revisions"}],"predecessor-version":[{"id":102,"href":"https:\/\/satiesband.fr\/index.php\/wp-json\/wp\/v2\/pages\/3\/revisions\/102"}],"wp:attachment":[{"href":"https:\/\/satiesband.fr\/index.php\/wp-json\/wp\/v2\/media?parent=3"}],"curies":[{"name":"wp","href":"https:\/\/api.w.org\/{rel}","templated":true}]}}