{"id":52,"date":"2025-10-24T00:42:37","date_gmt":"2025-10-23T22:42:37","guid":{"rendered":"https:\/\/satiesband.fr\/?page_id=52"},"modified":"2025-10-24T01:15:39","modified_gmt":"2025-10-23T23:15:39","slug":"repertoire","status":"publish","type":"page","link":"https:\/\/satiesband.fr\/index.php\/repertoire\/","title":{"rendered":"R\u00e9pertoire"},"content":{"rendered":"\n<p>D\u00e9couvrez notre r\u00e9pertoire, m\u00ealant musique actuelle et classique. Amoureux de tout style de musique, nous vous proposons de compl\u00e9ter celui-ci avec des arrangements originaux de certains de vos morceaux pr\u00e9f\u00e9r\u00e9s. N\u2019h\u00e9sitez pas \u00e0 nous partager vos souhaits par l\u2019onglet <em>contact satiesband<\/em><\/p>\n\n\n\n<h1 class=\"wp-block-heading\">Set liste<\/h1>\n\n\n\n<ul class=\"wp-block-list\">\n<li>La vie en rose Edith Piaf<\/li>\n\n\n\n<li>Gymnop\u00e9dies Erik Satie<\/li>\n\n\n\n<li>Lemon tree<\/li>\n\n\n\n<li>Back to black Amy Whinehouse<\/li>\n\n\n\n<li>Gnossiennes Erik Satie<\/li>\n<\/ul>\n","protected":false},"excerpt":{"rendered":"<p>D\u00e9couvrez notre r\u00e9pertoire, m\u00ealant musique actuelle et classique. Amoureux de tout style de musique, nous vous proposons de compl\u00e9ter celui-ci avec des arrangements originaux de certains de vos morceaux pr\u00e9f\u00e9r\u00e9s. N\u2019h\u00e9sitez pas \u00e0 nous partager vos souhaits par l\u2019onglet contact satiesband Set liste<\/p>\n","protected":false},"author":1,"featured_media":74,"parent":0,"menu_order":0,"comment_status":"closed","ping_status":"closed","template":"","meta":{"footnotes":""},"class_list":["post-52","page","type-page","status-publish","has-post-thumbnail","hentry"],"_links":{"self":[{"href":"https:\/\/satiesband.fr\/index.php\/wp-json\/wp\/v2\/pages\/52","targetHints":{"allow":["GET"]}}],"collection":[{"href":"https:\/\/satiesband.fr\/index.php\/wp-json\/wp\/v2\/pages"}],"about":[{"href":"https:\/\/satiesband.fr\/index.php\/wp-json\/wp\/v2\/types\/page"}],"author":[{"embeddable":true,"href":"https:\/\/satiesband.fr\/index.php\/wp-json\/wp\/v2\/users\/1"}],"replies":[{"embeddable":true,"href":"https:\/\/satiesband.fr\/index.php\/wp-json\/wp\/v2\/comments?post=52"}],"version-history":[{"count":3,"href":"https:\/\/satiesband.fr\/index.php\/wp-json\/wp\/v2\/pages\/52\/revisions"}],"predecessor-version":[{"id":104,"href":"https:\/\/satiesband.fr\/index.php\/wp-json\/wp\/v2\/pages\/52\/revisions\/104"}],"wp:featuredmedia":[{"embeddable":true,"href":"https:\/\/satiesband.fr\/index.php\/wp-json\/wp\/v2\/media\/74"}],"wp:attachment":[{"href":"https:\/\/satiesband.fr\/index.php\/wp-json\/wp\/v2\/media?parent=52"}],"curies":[{"name":"wp","href":"https:\/\/api.w.org\/{rel}","templated":true}]}}