{"id":54,"date":"2025-10-24T00:44:22","date_gmt":"2025-10-23T22:44:22","guid":{"rendered":"https:\/\/satiesband.fr\/?page_id=54"},"modified":"2025-10-24T01:41:50","modified_gmt":"2025-10-23T23:41:50","slug":"formation","status":"publish","type":"page","link":"https:\/\/satiesband.fr\/index.php\/formation\/","title":{"rendered":"Formation"},"content":{"rendered":"\n<p><br>Satie\u2019s Band est un duo fascinant, \u00e0 la crois\u00e9e des chemins entre la musique classique, la pop et le rock. Leur formation originale\u2014une pianiste-chanteuse et un musicien passant du violon \u00e0 la contrebasse\u2014leur permet de cr\u00e9er une atmosph\u00e8re \u00e0 la fois raffin\u00e9e et \u00e9nergique, id\u00e9ale pour des ambiances intimistes ou des sc\u00e8nes plus dynamiques.<\/p>\n\n\n\n<p>Form\u00e9e au Conservatoire royal de Li\u00e8ge, la pianiste apporte une voix vibrante et expressive, nourrie par un parcours riche entre rock, chanson et musique classique. \u00c0 ses c\u00f4t\u00e9s, le violoniste et contrebassiste, form\u00e9 au conservatoire de Cologne, insuffle une virtuosit\u00e9 singuli\u00e8re et une sensibilit\u00e9 rare.<\/p>\n\n\n\n<p>Apr\u00e8s avoir explor\u00e9 les univers de la chanson et de la pop, le duo se lance dans des projets innovants, comme la cr\u00e9ation d\u2019un spectacle autour de l\u2019\u0153uvre d\u2019Erik Satie. Leur musique, entre modernit\u00e9 et intemporalit\u00e9, s\u00e9duit un public \u00e9clectique et curieux, toujours en qu\u00eate de nouvelles \u00e9motions artistiques.<\/p>\n","protected":false},"excerpt":{"rendered":"<p>Satie\u2019s Band est un duo fascinant, \u00e0 la crois\u00e9e des chemins entre la musique classique, la pop et le rock. Leur formation originale\u2014une pianiste-chanteuse et un musicien passant du violon \u00e0 la contrebasse\u2014leur permet de cr\u00e9er une atmosph\u00e8re \u00e0 la fois raffin\u00e9e et \u00e9nergique, id\u00e9ale pour des ambiances intimistes ou des sc\u00e8nes plus dynamiques. Form\u00e9e &hellip; <\/p>\n<p class=\"link-more\"><a href=\"https:\/\/satiesband.fr\/index.php\/formation\/\" class=\"more-link\">Continuer la lecture<span class=\"screen-reader-text\"> de &laquo;&nbsp;Formation&nbsp;&raquo;<\/span><\/a><\/p>\n","protected":false},"author":1,"featured_media":55,"parent":0,"menu_order":0,"comment_status":"closed","ping_status":"closed","template":"","meta":{"footnotes":""},"class_list":["post-54","page","type-page","status-publish","has-post-thumbnail","hentry"],"_links":{"self":[{"href":"https:\/\/satiesband.fr\/index.php\/wp-json\/wp\/v2\/pages\/54","targetHints":{"allow":["GET"]}}],"collection":[{"href":"https:\/\/satiesband.fr\/index.php\/wp-json\/wp\/v2\/pages"}],"about":[{"href":"https:\/\/satiesband.fr\/index.php\/wp-json\/wp\/v2\/types\/page"}],"author":[{"embeddable":true,"href":"https:\/\/satiesband.fr\/index.php\/wp-json\/wp\/v2\/users\/1"}],"replies":[{"embeddable":true,"href":"https:\/\/satiesband.fr\/index.php\/wp-json\/wp\/v2\/comments?post=54"}],"version-history":[{"count":4,"href":"https:\/\/satiesband.fr\/index.php\/wp-json\/wp\/v2\/pages\/54\/revisions"}],"predecessor-version":[{"id":89,"href":"https:\/\/satiesband.fr\/index.php\/wp-json\/wp\/v2\/pages\/54\/revisions\/89"}],"wp:featuredmedia":[{"embeddable":true,"href":"https:\/\/satiesband.fr\/index.php\/wp-json\/wp\/v2\/media\/55"}],"wp:attachment":[{"href":"https:\/\/satiesband.fr\/index.php\/wp-json\/wp\/v2\/media?parent=54"}],"curies":[{"name":"wp","href":"https:\/\/api.w.org\/{rel}","templated":true}]}}