{"id":93,"date":"2026-01-05T13:18:59","date_gmt":"2026-01-05T12:18:59","guid":{"rendered":"https:\/\/satiesband.fr\/?page_id=93"},"modified":"2026-01-05T13:54:17","modified_gmt":"2026-01-05T12:54:17","slug":"prestation","status":"publish","type":"page","link":"https:\/\/satiesband.fr\/index.php\/prestation\/","title":{"rendered":"Prestation"},"content":{"rendered":"\n<p>Nous vous proposons des concerts sur mesure adapt\u00e9s \u00e0 tous vos \u00e9v\u00e8nements ou c\u00e9r\u00e9monie (mariage, anniversaire, concert, \u00e9v\u00e8nements festifs&#8230;)<\/p>\n\n\n\n<p>Nos tarifs sont autour de 600 \u20ac TTC. Pour plus de pr\u00e9cisions, vous pouvez nous contacter pour \u00e9tablir un devis.<\/p>\n\n\n\n<p>Vous pouvez utiliser le portail GUSO pour la d\u00e9claration officielle et pour g\u00e9n\u00e9rer automatiquement les fiches de paye.<\/p>\n\n\n\n<p><a href=\"https:\/\/www.guso.fr\/information\/accueil\">https:\/\/www.guso.fr\/<\/a><\/p>\n\n\n\n<p>Voici une explication d\u00e9taill\u00e9e de la marche \u00e0 suivre:<\/p>\n\n\n\n<figure class=\"wp-block-embed is-type-video is-provider-youtube wp-block-embed-youtube wp-embed-aspect-16-9 wp-has-aspect-ratio\"><div class=\"wp-block-embed__wrapper\">\n<iframe loading=\"lazy\" title=\"Comment remplir des d\u00e9clarations GUSO ?\" width=\"525\" height=\"295\" src=\"https:\/\/www.youtube.com\/embed\/f5rNbrFwdls?feature=oembed\" frameborder=\"0\" allow=\"accelerometer; autoplay; clipboard-write; encrypted-media; gyroscope; picture-in-picture; web-share\" referrerpolicy=\"strict-origin-when-cross-origin\" allowfullscreen><\/iframe>\n<\/div><\/figure>\n\n\n\n<p>Vous pouvez \u00e9galement utiliser la plateforme linkaband qui g\u00e8re pour vous les d\u00e9clarations officielles moyennant des frais.<\/p>\n\n\n\n<p><a href=\"https:\/\/linkaband.com\/saties-band\">https:\/\/linkaband.com\/saties-band<\/a><\/p>\n\n\n\n<p><\/p>\n","protected":false},"excerpt":{"rendered":"<p>Nous vous proposons des concerts sur mesure adapt\u00e9s \u00e0 tous vos \u00e9v\u00e8nements ou c\u00e9r\u00e9monie (mariage, anniversaire, concert, \u00e9v\u00e8nements festifs&#8230;) Nos tarifs sont autour de 600 \u20ac TTC. Pour plus de pr\u00e9cisions, vous pouvez nous contacter pour \u00e9tablir un devis. Vous pouvez utiliser le portail GUSO pour la d\u00e9claration officielle et pour g\u00e9n\u00e9rer automatiquement les fiches &hellip; <\/p>\n<p class=\"link-more\"><a href=\"https:\/\/satiesband.fr\/index.php\/prestation\/\" class=\"more-link\">Continuer la lecture<span class=\"screen-reader-text\"> de &laquo;&nbsp;Prestation&nbsp;&raquo;<\/span><\/a><\/p>\n","protected":false},"author":2,"featured_media":0,"parent":0,"menu_order":0,"comment_status":"closed","ping_status":"closed","template":"","meta":{"footnotes":""},"class_list":["post-93","page","type-page","status-publish","hentry"],"_links":{"self":[{"href":"https:\/\/satiesband.fr\/index.php\/wp-json\/wp\/v2\/pages\/93","targetHints":{"allow":["GET"]}}],"collection":[{"href":"https:\/\/satiesband.fr\/index.php\/wp-json\/wp\/v2\/pages"}],"about":[{"href":"https:\/\/satiesband.fr\/index.php\/wp-json\/wp\/v2\/types\/page"}],"author":[{"embeddable":true,"href":"https:\/\/satiesband.fr\/index.php\/wp-json\/wp\/v2\/users\/2"}],"replies":[{"embeddable":true,"href":"https:\/\/satiesband.fr\/index.php\/wp-json\/wp\/v2\/comments?post=93"}],"version-history":[{"count":4,"href":"https:\/\/satiesband.fr\/index.php\/wp-json\/wp\/v2\/pages\/93\/revisions"}],"predecessor-version":[{"id":105,"href":"https:\/\/satiesband.fr\/index.php\/wp-json\/wp\/v2\/pages\/93\/revisions\/105"}],"wp:attachment":[{"href":"https:\/\/satiesband.fr\/index.php\/wp-json\/wp\/v2\/media?parent=93"}],"curies":[{"name":"wp","href":"https:\/\/api.w.org\/{rel}","templated":true}]}}